{"id":347,"date":"2025-08-18T17:44:54","date_gmt":"2025-08-18T17:44:54","guid":{"rendered":"https:\/\/devil.actor\/?page_id=347"},"modified":"2025-08-18T17:56:59","modified_gmt":"2025-08-18T17:56:59","slug":"impressum","status":"publish","type":"page","link":"https:\/\/devil.actor\/?page_id=347","title":{"rendered":"Impressum"},"content":{"rendered":"\t\t<div data-elementor-type=\"wp-post\" data-elementor-id=\"347\" class=\"elementor elementor-347\">\n\t\t\t\t\t\t<section class=\"elementor-section elementor-top-section elementor-element elementor-element-62716812 elementor-section-height-min-height elementor-section-items-top elementor-section-boxed elementor-section-height-default\" data-id=\"62716812\" data-element_type=\"section\" data-e-type=\"section\" data-settings=\"{&quot;jet_parallax_layout_list&quot;:[{&quot;jet_parallax_layout_image&quot;:{&quot;url&quot;:&quot;&quot;,&quot;id&quot;:&quot;&quot;,&quot;size&quot;:&quot;&quot;},&quot;_id&quot;:&quot;6c2d3aa&quot;,&quot;jet_parallax_layout_speed&quot;:{&quot;unit&quot;:&quot;%&quot;,&quot;size&quot;:&quot;50&quot;,&quot;sizes&quot;:[]},&quot;jet_parallax_layout_bg_x&quot;:&quot;50&quot;,&quot;jet_parallax_layout_bg_y&quot;:&quot;50&quot;,&quot;jet_parallax_layout_image_tablet&quot;:{&quot;url&quot;:&quot;&quot;,&quot;id&quot;:&quot;&quot;,&quot;size&quot;:&quot;&quot;},&quot;jet_parallax_layout_image_mobile&quot;:{&quot;url&quot;:&quot;&quot;,&quot;id&quot;:&quot;&quot;,&quot;size&quot;:&quot;&quot;},&quot;jet_parallax_layout_type&quot;:&quot;scroll&quot;,&quot;jet_parallax_layout_direction&quot;:&quot;1&quot;,&quot;jet_parallax_layout_fx_direction&quot;:null,&quot;jet_parallax_layout_z_index&quot;:&quot;&quot;,&quot;jet_parallax_layout_bg_x_tablet&quot;:&quot;&quot;,&quot;jet_parallax_layout_bg_x_mobile&quot;:&quot;&quot;,&quot;jet_parallax_layout_bg_y_tablet&quot;:&quot;&quot;,&quot;jet_parallax_layout_bg_y_mobile&quot;:&quot;&quot;,&quot;jet_parallax_layout_bg_size&quot;:&quot;auto&quot;,&quot;jet_parallax_layout_bg_size_tablet&quot;:&quot;&quot;,&quot;jet_parallax_layout_bg_size_mobile&quot;:&quot;&quot;,&quot;jet_parallax_layout_animation_prop&quot;:&quot;transform&quot;,&quot;jet_parallax_layout_on&quot;:[&quot;desktop&quot;,&quot;tablet&quot;]}],&quot;background_background&quot;:&quot;classic&quot;}\">\n\t\t\t\t\t\t<div class=\"elementor-container elementor-column-gap-no\">\n\t\t\t\t\t<div class=\"elementor-column elementor-col-100 elementor-top-column elementor-element elementor-element-42e30d42 animated-slow elementor-invisible\" data-id=\"42e30d42\" data-element_type=\"column\" data-e-type=\"column\" data-settings=\"{&quot;animation&quot;:&quot;fadeIn&quot;,&quot;animation_delay&quot;:&quot;700&quot;}\">\n\t\t\t<div class=\"elementor-widget-wrap elementor-element-populated\">\n\t\t\t\t\t\t<div class=\"elementor-element elementor-element-9f7d284 elementor-widget elementor-widget-spacer\" data-id=\"9f7d284\" data-element_type=\"widget\" data-e-type=\"widget\" data-widget_type=\"spacer.default\">\n\t\t\t\t<div class=\"elementor-widget-container\">\n\t\t\t\t\t\t\t<div class=\"elementor-spacer\">\n\t\t\t<div class=\"elementor-spacer-inner\"><\/div>\n\t\t<\/div>\n\t\t\t\t\t\t<\/div>\n\t\t\t\t<\/div>\n\t\t\t\t<div class=\"elementor-element elementor-element-18f5eed elementor-widget elementor-widget-heading\" data-id=\"18f5eed\" data-element_type=\"widget\" data-e-type=\"widget\" data-widget_type=\"heading.default\">\n\t\t\t\t<div class=\"elementor-widget-container\">\n\t\t\t\t\t<h1 class=\"elementor-heading-title elementor-size-default\">Puppy DEVIL<\/h1>\t\t\t\t<\/div>\n\t\t\t\t<\/div>\n\t\t\t\t<div class=\"elementor-element elementor-element-f380c05 elementor-widget elementor-widget-image\" data-id=\"f380c05\" data-element_type=\"widget\" data-e-type=\"widget\" data-widget_type=\"image.default\">\n\t\t\t\t<div class=\"elementor-widget-container\">\n\t\t\t\t\t\t\t\t\t\t\t\t\t\t\t<img decoding=\"async\" width=\"211\" height=\"32\" src=\"https:\/\/devil.actor\/wp-content\/uploads\/2018\/09\/divider.png\" class=\"attachment-large size-large wp-image-17\" alt=\"\" \/>\t\t\t\t\t\t\t\t\t\t\t\t\t\t\t<\/div>\n\t\t\t\t<\/div>\n\t\t\t\t\t<\/div>\n\t\t<\/div>\n\t\t\t\t\t<\/div>\n\t\t<\/section>\n\t\t\t\t<section class=\"elementor-section elementor-top-section elementor-element elementor-element-4d81aab animated-slow elementor-section-boxed elementor-section-height-default elementor-section-height-default elementor-invisible\" data-id=\"4d81aab\" data-element_type=\"section\" data-e-type=\"section\" data-settings=\"{&quot;jet_parallax_layout_list&quot;:[{&quot;jet_parallax_layout_image&quot;:{&quot;url&quot;:&quot;&quot;,&quot;id&quot;:&quot;&quot;,&quot;size&quot;:&quot;&quot;},&quot;_id&quot;:&quot;415a720&quot;,&quot;jet_parallax_layout_speed&quot;:{&quot;unit&quot;:&quot;%&quot;,&quot;size&quot;:&quot;50&quot;,&quot;sizes&quot;:[]},&quot;jet_parallax_layout_bg_x&quot;:&quot;50&quot;,&quot;jet_parallax_layout_bg_y&quot;:&quot;50&quot;,&quot;jet_parallax_layout_image_tablet&quot;:{&quot;url&quot;:&quot;&quot;,&quot;id&quot;:&quot;&quot;,&quot;size&quot;:&quot;&quot;},&quot;jet_parallax_layout_image_mobile&quot;:{&quot;url&quot;:&quot;&quot;,&quot;id&quot;:&quot;&quot;,&quot;size&quot;:&quot;&quot;},&quot;jet_parallax_layout_type&quot;:&quot;scroll&quot;,&quot;jet_parallax_layout_direction&quot;:&quot;1&quot;,&quot;jet_parallax_layout_fx_direction&quot;:null,&quot;jet_parallax_layout_z_index&quot;:&quot;&quot;,&quot;jet_parallax_layout_bg_x_tablet&quot;:&quot;&quot;,&quot;jet_parallax_layout_bg_x_mobile&quot;:&quot;&quot;,&quot;jet_parallax_layout_bg_y_tablet&quot;:&quot;&quot;,&quot;jet_parallax_layout_bg_y_mobile&quot;:&quot;&quot;,&quot;jet_parallax_layout_bg_size&quot;:&quot;auto&quot;,&quot;jet_parallax_layout_bg_size_tablet&quot;:&quot;&quot;,&quot;jet_parallax_layout_bg_size_mobile&quot;:&quot;&quot;,&quot;jet_parallax_layout_animation_prop&quot;:&quot;transform&quot;,&quot;jet_parallax_layout_on&quot;:[&quot;desktop&quot;,&quot;tablet&quot;]}],&quot;background_background&quot;:&quot;classic&quot;,&quot;animation&quot;:&quot;fadeIn&quot;,&quot;animation_delay&quot;:&quot;700&quot;}\">\n\t\t\t\t\t\t<div class=\"elementor-container elementor-column-gap-no\">\n\t\t\t\t\t<div class=\"elementor-column elementor-col-100 elementor-top-column elementor-element elementor-element-7e0bad2\" data-id=\"7e0bad2\" data-element_type=\"column\" data-e-type=\"column\">\n\t\t\t<div class=\"elementor-widget-wrap elementor-element-populated\">\n\t\t\t\t\t\t<div class=\"elementor-element elementor-element-db102f0 elementor-widget elementor-widget-heading\" data-id=\"db102f0\" data-element_type=\"widget\" data-e-type=\"widget\" data-widget_type=\"heading.default\">\n\t\t\t\t<div class=\"elementor-widget-container\">\n\t\t\t\t\t<h2 class=\"elementor-heading-title elementor-size-default\">IMPRESSUM<\/h2>\t\t\t\t<\/div>\n\t\t\t\t<\/div>\n\t\t\t\t<div class=\"elementor-element elementor-element-cc556c1 elementor-widget elementor-widget-image\" data-id=\"cc556c1\" data-element_type=\"widget\" data-e-type=\"widget\" data-widget_type=\"image.default\">\n\t\t\t\t<div class=\"elementor-widget-container\">\n\t\t\t\t\t\t\t\t\t\t\t\t\t\t\t<img decoding=\"async\" width=\"211\" height=\"32\" src=\"https:\/\/devil.actor\/wp-content\/uploads\/2018\/09\/divider.png\" class=\"attachment-large size-large wp-image-17\" alt=\"\" \/>\t\t\t\t\t\t\t\t\t\t\t\t\t\t\t<\/div>\n\t\t\t\t<\/div>\n\t\t\t\t<div class=\"elementor-element elementor-element-a82dd2a elementor-widget elementor-widget-text-editor\" data-id=\"a82dd2a\" data-element_type=\"widget\" data-e-type=\"widget\" data-widget_type=\"text-editor.default\">\n\t\t\t\t<div class=\"elementor-widget-container\">\n\t\t\t\t\t\t\t\t\t<p>GENDERFAIRE SPRACHE<\/p><p>Wir sch\u00e4tzen unsere Besucherinnen und Besucher in absolut gleichem Ma\u00dfe. Dennoch haben wir uns auf den Texten der Website aus Gr\u00fcnden der leichteren Lesbarkeit zur Verwendung der m\u00e4nnlichen Form entschieden.<\/p><p>IMPRESSUM \u2013 HAFTUNGSAUSSCHLUSS<\/p><p>Informationen gem\u00e4\u00df \u00a7 5 (1) E-Commerce-Gesetz: S\u00e4mtliche Seiten von KEYHOLDER.SERVICES haben ausschlie\u00dflich Informationscharakter \u2013 wir \u00fcbernehmen daher keinerlei Gew\u00e4hr f\u00fcr Richtigkeit, Genauigkeit, Aktualit\u00e4t, Vollst\u00e4ndigkeit und Qualit\u00e4t der bereitgestellten Informationen.<\/p><p>KEYHOLDER.SERVICES begr\u00fcndet durch die Bereitstellung dieser Informationen kein Vertragsangebot \u00fcber Ausk\u00fcnfte, Beratung oder \u00e4hnliche Vertragsbeziehungen. Jegliche Haftung f\u00fcr die Nutzung der Inhalte der Website oder die Richtigkeit der Inhalte oder die Erreichbarkeit der Web Site wird ausgeschlossen.<\/p><p>Auf den Internetseiten von www.keyholder.services k\u00f6nnen direkte oder indirekte Verweise auf fremde Internetseiten (so genannte Links) enthalten sein. Es ist nicht m\u00f6glich, st\u00e4ndig diese Internetseiten bzw. Links inhaltlich zu pr\u00fcfen oder auf den Inhalt dieser Seiten Einfluss zu nehmen. Insbesondere ist eine permanente inhaltliche Kontrolle der verlinkten Seiten ohne konkrete Anhaltspunkte einer Rechtsverletzung nicht zumutbar. Es wird f\u00fcr Inhalte dieser Seiten bzw. Links daher keinerlei Haftung oder Gew\u00e4hrleistung \u00fcbernommen.<\/p><p>F\u00fcr illegale, fehlerhafte oder unvollst\u00e4ndige Inhalte verlinkter \/ verkn\u00fcpfter Internetseiten insbesondere aber f\u00fcr Sch\u00e4den (mittelbare und unmittelbare Sch\u00e4den oder Sch\u00e4den, die durch fehlende Nutzungsm\u00f6glichkeiten, Datenverluste oder entgangene Gewinne entstehen k\u00f6nnen), die aus der Nutzung von auf diese Weise erhaltene Informationen entstehen, haftet allein der Anbieter dieser jeweiligen Internetseite, auf welche verwiesen wurde, nicht jedoch Eroticabo, welche lediglich \u00fcber Links auf die jeweiligen Kunden, Partnerfirmen und\/oder interessante Ver\u00f6ffentlichungen verweist.<\/p><p>FIRMA<\/p><p>Firma: Yannis Xavier Dominik Elvis Fritz<br \/>Anschrift: 1210 Wien, Skraupstra\u00dfe 24\/35\/5<br \/>E-Mail: mail@devil.actor<br \/>Internet: www.devil.actor<\/p><p>Informationspflicht lt. \u00a7 5 Abs. 1 E-Commerce-Gesetz und Offenlegungspflicht gem\u00e4\u00df Mediengesetz \u00a72<\/p>\t\t\t\t\t\t\t\t<\/div>\n\t\t\t\t<\/div>\n\t\t\t\t\t<\/div>\n\t\t<\/div>\n\t\t\t\t\t<\/div>\n\t\t<\/section>\n\t\t\t\t<\/div>\n\t\t","protected":false},"excerpt":{"rendered":"<p>Puppy DEVIL IMPRESSUM GENDERFAIRE SPRACHE Wir sch\u00e4tzen unsere Besucherinnen und Besucher in absolut gleichem Ma\u00dfe. Dennoch haben wir uns auf den Texten der Website aus Gr\u00fcnden der leichteren Lesbarkeit zur Verwendung der m\u00e4nnlichen Form entschieden. IMPRESSUM \u2013 HAFTUNGSAUSSCHLUSS Informationen gem\u00e4\u00df \u00a7 5 (1) E-Commerce-Gesetz: S\u00e4mtliche Seiten von KEYHOLDER.SERVICES haben ausschlie\u00dflich Informationscharakter \u2013 wir \u00fcbernehmen daher [&hellip;]<\/p>\n","protected":false},"author":1,"featured_media":0,"parent":0,"menu_order":0,"comment_status":"closed","ping_status":"closed","template":"elementor_header_footer","meta":{"_acf_changed":false,"footnotes":""},"class_list":["post-347","page","type-page","status-publish","hentry"],"acf":[],"_links":{"self":[{"href":"https:\/\/devil.actor\/index.php?rest_route=\/wp\/v2\/pages\/347","targetHints":{"allow":["GET"]}}],"collection":[{"href":"https:\/\/devil.actor\/index.php?rest_route=\/wp\/v2\/pages"}],"about":[{"href":"https:\/\/devil.actor\/index.php?rest_route=\/wp\/v2\/types\/page"}],"author":[{"embeddable":true,"href":"https:\/\/devil.actor\/index.php?rest_route=\/wp\/v2\/users\/1"}],"replies":[{"embeddable":true,"href":"https:\/\/devil.actor\/index.php?rest_route=%2Fwp%2Fv2%2Fcomments&post=347"}],"version-history":[{"count":7,"href":"https:\/\/devil.actor\/index.php?rest_route=\/wp\/v2\/pages\/347\/revisions"}],"predecessor-version":[{"id":355,"href":"https:\/\/devil.actor\/index.php?rest_route=\/wp\/v2\/pages\/347\/revisions\/355"}],"wp:attachment":[{"href":"https:\/\/devil.actor\/index.php?rest_route=%2Fwp%2Fv2%2Fmedia&parent=347"}],"curies":[{"name":"wp","href":"https:\/\/api.w.org\/{rel}","templated":true}]}}